{"id":4746,"date":"2025-02-05T16:59:48","date_gmt":"2025-02-05T16:59:48","guid":{"rendered":"https:\/\/isabellaseijo.com\/?page_id=4746"},"modified":"2026-02-26T09:55:04","modified_gmt":"2026-02-26T09:55:04","slug":"reembolso_devoluciones","status":"publish","type":"page","link":"https:\/\/isabellaseijo.com\/index.php\/reembolso_devoluciones\/","title":{"rendered":"Pol\u00edtica de devoluciones y reembolsos"},"content":{"rendered":"\t\t<div data-elementor-type=\"wp-page\" data-elementor-id=\"4746\" class=\"elementor elementor-4746\" data-elementor-post-type=\"page\">\n\t\t\t\t\t\t<section class=\"elementor-section elementor-top-section elementor-element elementor-element-71d6ae88 elementor-section-boxed elementor-section-height-default elementor-section-height-default\" data-id=\"71d6ae88\" data-element_type=\"section\" data-e-type=\"section\">\n\t\t\t\t\t\t<div class=\"elementor-container elementor-column-gap-default\">\n\t\t\t\t\t<div class=\"elementor-column elementor-col-100 elementor-top-column elementor-element elementor-element-500b352f\" data-id=\"500b352f\" data-element_type=\"column\" data-e-type=\"column\">\n\t\t\t<div class=\"elementor-widget-wrap elementor-element-populated\">\n\t\t\t\t\t\t<div class=\"elementor-element elementor-element-2dbb6587 elementor-widget elementor-widget-text-editor\" data-id=\"2dbb6587\" data-element_type=\"widget\" data-e-type=\"widget\" data-widget_type=\"text-editor.default\">\n\t\t\t\t<div class=\"elementor-widget-container\">\n\t\t\t\t\t\t\t\t\t<h3 data-start=\"1947\" data-end=\"1978\">1. Derecho de desistimiento<\/h3>\n<p data-start=\"1980\" data-end=\"2055\">El cliente podr\u00e1 ejercer su derecho de desistimiento dentro de un plazo de:<\/p>\n<p data-start=\"2057\" data-end=\"2081\">\ud83d\udcc5 <strong data-start=\"2060\" data-end=\"2081\">14 d\u00edas naturales<\/strong><\/p>\n<p data-start=\"2083\" data-end=\"2190\">desde la contrataci\u00f3n del servicio o la recepci\u00f3n del producto, salvo las excepciones legalmente previstas.<\/p>\n<hr data-start=\"2192\" data-end=\"2195\" \/>\n<h3 data-start=\"2197\" data-end=\"2215\">2. Excepciones<\/h3>\n<p data-start=\"2217\" data-end=\"2265\">No se admitir\u00e1n devoluciones o cancelaciones en:<\/p>\n<ul data-start=\"2267\" data-end=\"2349\">\n<li data-start=\"2267\" data-end=\"2291\">\n<p data-start=\"2269\" data-end=\"2291\">Servicios ya prestados<\/p>\n<\/li>\n<li data-start=\"2292\" data-end=\"2318\">\n<p data-start=\"2294\" data-end=\"2318\">Productos personalizados<\/p>\n<\/li>\n<li data-start=\"2319\" data-end=\"2349\">\n<p data-start=\"2321\" data-end=\"2349\">Contenido digital descargado<\/p>\n<\/li>\n<\/ul>\n<hr data-start=\"2351\" data-end=\"2354\" \/>\n<h3 data-start=\"2356\" data-end=\"2373\">3. Reembolsos<\/h3>\n<p data-start=\"2375\" data-end=\"2420\">Una vez aprobada la devoluci\u00f3n o cancelaci\u00f3n:<\/p>\n<p data-start=\"2422\" data-end=\"2501\">\u2714 Se procesar\u00e1 el reembolso<br data-start=\"2449\" data-end=\"2452\" \/>\u2714 Se realizar\u00e1 mediante el mismo m\u00e9todo de pago<\/p>\n<p data-start=\"2503\" data-end=\"2546\">\ud83d\udcc5 <strong data-start=\"2506\" data-end=\"2546\">Plazo estimado: 3\u201310 d\u00edas laborables<\/strong><\/p>\n<hr data-start=\"2548\" data-end=\"2551\" \/>\n<h3 data-start=\"2553\" data-end=\"2576\">4. Gastos asociados<\/h3>\n<p data-start=\"2578\" data-end=\"2678\">Salvo error o defecto, los posibles gastos derivados de la devoluci\u00f3n ser\u00e1n asumidos por el cliente.<\/p>\n<hr data-start=\"2680\" data-end=\"2683\" \/>\n<h3 data-start=\"2685\" data-end=\"2700\">5. Contacto<\/h3>\n<p data-start=\"2702\" data-end=\"2728\">Para cualquier incidencia:<\/p>\n<p data-start=\"2730\" data-end=\"2761\">\ud83d\udce7 <a class=\"decorated-link cursor-pointer\" rel=\"noopener\" data-start=\"2733\" data-end=\"2759\">seijogemologist@gmail.com<\/a><\/p>\t\t\t\t\t\t\t\t<\/div>\n\t\t\t\t<\/div>\n\t\t\t\t\t<\/div>\n\t\t<\/div>\n\t\t\t\t\t<\/div>\n\t\t<\/section>\n\t\t\t\t<\/div>\n\t\t","protected":false},"excerpt":{"rendered":"<p>1. Derecho de desistimiento El cliente podr\u00e1 ejercer su derecho de desistimiento dentro de un plazo de: \ud83d\udcc5 14 d\u00edas naturales desde la contrataci\u00f3n del servicio o la recepci\u00f3n del producto, salvo las excepciones legalmente previstas. 2. Excepciones No se admitir\u00e1n devoluciones o cancelaciones en: Servicios ya prestados Productos personalizados Contenido digital descargado 3. Reembolsos [&hellip;]<\/p>\n","protected":false},"author":1,"featured_media":0,"parent":0,"menu_order":80,"comment_status":"closed","ping_status":"closed","template":"","meta":{"_monsterinsights_skip_tracking":false,"_monsterinsights_sitenote_active":false,"_monsterinsights_sitenote_note":"","_monsterinsights_sitenote_category":0,"site-sidebar-layout":"default","site-content-layout":"","ast-site-content-layout":"default","site-content-style":"default","site-sidebar-style":"default","ast-global-header-display":"","ast-banner-title-visibility":"","ast-main-header-display":"","ast-hfb-above-header-display":"","ast-hfb-below-header-display":"","ast-hfb-mobile-header-display":"","site-post-title":"","ast-breadcrumbs-content":"","ast-featured-img":"","footer-sml-layout":"","ast-disable-related-posts":"","theme-transparent-header-meta":"","adv-header-id-meta":"","stick-header-meta":"","header-above-stick-meta":"","header-main-stick-meta":"","header-below-stick-meta":"","astra-migrate-meta-layouts":"set","ast-page-background-enabled":"default","ast-page-background-meta":{"desktop":{"background-color":"var(--ast-global-color-4)","background-image":"","background-repeat":"repeat","background-position":"center center","background-size":"auto","background-attachment":"scroll","background-type":"","background-media":"","overlay-type":"","overlay-color":"","overlay-opacity":"","overlay-gradient":""},"tablet":{"background-color":"","background-image":"","background-repeat":"repeat","background-position":"center center","background-size":"auto","background-attachment":"scroll","background-type":"","background-media":"","overlay-type":"","overlay-color":"","overlay-opacity":"","overlay-gradient":""},"mobile":{"background-color":"","background-image":"","background-repeat":"repeat","background-position":"center center","background-size":"auto","background-attachment":"scroll","background-type":"","background-media":"","overlay-type":"","overlay-color":"","overlay-opacity":"","overlay-gradient":""}},"ast-content-background-meta":{"desktop":{"background-color":"var(--ast-global-color-5)","background-image":"","background-repeat":"repeat","background-position":"center center","background-size":"auto","background-attachment":"scroll","background-type":"","background-media":"","overlay-type":"","overlay-color":"","overlay-opacity":"","overlay-gradient":""},"tablet":{"background-color":"var(--ast-global-color-5)","background-image":"","background-repeat":"repeat","background-position":"center center","background-size":"auto","background-attachment":"scroll","background-type":"","background-media":"","overlay-type":"","overlay-color":"","overlay-opacity":"","overlay-gradient":""},"mobile":{"background-color":"var(--ast-global-color-5)","background-image":"","background-repeat":"repeat","background-position":"center center","background-size":"auto","background-attachment":"scroll","background-type":"","background-media":"","overlay-type":"","overlay-color":"","overlay-opacity":"","overlay-gradient":""}},"footnotes":""},"class_list":["post-4746","page","type-page","status-publish","hentry"],"yoast_head":"<!-- This site is optimized with the Yoast SEO plugin v27.0 - https:\/\/yoast.com\/product\/yoast-seo-wordpress\/ -->\n<title>Pol\u00edtica de devoluciones y reembolsos -<\/title>\n<meta name=\"robots\" content=\"index, follow, max-snippet:-1, max-image-preview:large, max-video-preview:-1\" \/>\n<link rel=\"canonical\" href=\"https:\/\/isabellaseijo.com\/index.php\/reembolso_devoluciones\/\" \/>\n<meta property=\"og:locale\" content=\"es_ES\" \/>\n<meta property=\"og:type\" content=\"article\" \/>\n<meta property=\"og:title\" content=\"Pol\u00edtica de devoluciones y reembolsos -\" \/>\n<meta property=\"og:description\" content=\"1. Derecho de desistimiento El cliente podr\u00e1 ejercer su derecho de desistimiento dentro de un plazo de: \ud83d\udcc5 14 d\u00edas naturales desde la contrataci\u00f3n del servicio o la recepci\u00f3n del producto, salvo las excepciones legalmente previstas. 2. Excepciones No se admitir\u00e1n devoluciones o cancelaciones en: Servicios ya prestados Productos personalizados Contenido digital descargado 3. Reembolsos [&hellip;]\" \/>\n<meta property=\"og:url\" content=\"https:\/\/isabellaseijo.com\/index.php\/reembolso_devoluciones\/\" \/>\n<meta property=\"article:modified_time\" content=\"2026-02-26T09:55:04+00:00\" \/>\n<meta name=\"twitter:card\" content=\"summary_large_image\" \/>\n<meta name=\"twitter:label1\" content=\"Tiempo de lectura\" \/>\n\t<meta name=\"twitter:data1\" content=\"2 minutos\" \/>\n<script type=\"application\/ld+json\" class=\"yoast-schema-graph\">{\"@context\":\"https:\/\/schema.org\",\"@graph\":[{\"@type\":\"WebPage\",\"@id\":\"https:\/\/isabellaseijo.com\/index.php\/reembolso_devoluciones\/\",\"url\":\"https:\/\/isabellaseijo.com\/index.php\/reembolso_devoluciones\/\",\"name\":\"Pol\u00edtica de devoluciones y reembolsos -\",\"isPartOf\":{\"@id\":\"https:\/\/isabellaseijo.com\/#website\"},\"datePublished\":\"2025-02-05T16:59:48+00:00\",\"dateModified\":\"2026-02-26T09:55:04+00:00\",\"breadcrumb\":{\"@id\":\"https:\/\/isabellaseijo.com\/index.php\/reembolso_devoluciones\/#breadcrumb\"},\"inLanguage\":\"es\",\"potentialAction\":[{\"@type\":\"ReadAction\",\"target\":[\"https:\/\/isabellaseijo.com\/index.php\/reembolso_devoluciones\/\"]}]},{\"@type\":\"BreadcrumbList\",\"@id\":\"https:\/\/isabellaseijo.com\/index.php\/reembolso_devoluciones\/#breadcrumb\",\"itemListElement\":[{\"@type\":\"ListItem\",\"position\":1,\"name\":\"Portada\",\"item\":\"https:\/\/isabellaseijo.com\/\"},{\"@type\":\"ListItem\",\"position\":2,\"name\":\"Pol\u00edtica de devoluciones y reembolsos\"}]},{\"@type\":\"WebSite\",\"@id\":\"https:\/\/isabellaseijo.com\/#website\",\"url\":\"https:\/\/isabellaseijo.com\/\",\"name\":\"\",\"description\":\"\",\"potentialAction\":[{\"@type\":\"SearchAction\",\"target\":{\"@type\":\"EntryPoint\",\"urlTemplate\":\"https:\/\/isabellaseijo.com\/?s={search_term_string}\"},\"query-input\":{\"@type\":\"PropertyValueSpecification\",\"valueRequired\":true,\"valueName\":\"search_term_string\"}}],\"inLanguage\":\"es\"}]}<\/script>\n<!-- \/ Yoast SEO plugin. -->","yoast_head_json":{"title":"Pol\u00edtica de devoluciones y reembolsos -","robots":{"index":"index","follow":"follow","max-snippet":"max-snippet:-1","max-image-preview":"max-image-preview:large","max-video-preview":"max-video-preview:-1"},"canonical":"https:\/\/isabellaseijo.com\/index.php\/reembolso_devoluciones\/","og_locale":"es_ES","og_type":"article","og_title":"Pol\u00edtica de devoluciones y reembolsos -","og_description":"1. Derecho de desistimiento El cliente podr\u00e1 ejercer su derecho de desistimiento dentro de un plazo de: \ud83d\udcc5 14 d\u00edas naturales desde la contrataci\u00f3n del servicio o la recepci\u00f3n del producto, salvo las excepciones legalmente previstas. 2. Excepciones No se admitir\u00e1n devoluciones o cancelaciones en: Servicios ya prestados Productos personalizados Contenido digital descargado 3. Reembolsos [&hellip;]","og_url":"https:\/\/isabellaseijo.com\/index.php\/reembolso_devoluciones\/","article_modified_time":"2026-02-26T09:55:04+00:00","twitter_card":"summary_large_image","twitter_misc":{"Tiempo de lectura":"2 minutos"},"schema":{"@context":"https:\/\/schema.org","@graph":[{"@type":"WebPage","@id":"https:\/\/isabellaseijo.com\/index.php\/reembolso_devoluciones\/","url":"https:\/\/isabellaseijo.com\/index.php\/reembolso_devoluciones\/","name":"Pol\u00edtica de devoluciones y reembolsos -","isPartOf":{"@id":"https:\/\/isabellaseijo.com\/#website"},"datePublished":"2025-02-05T16:59:48+00:00","dateModified":"2026-02-26T09:55:04+00:00","breadcrumb":{"@id":"https:\/\/isabellaseijo.com\/index.php\/reembolso_devoluciones\/#breadcrumb"},"inLanguage":"es","potentialAction":[{"@type":"ReadAction","target":["https:\/\/isabellaseijo.com\/index.php\/reembolso_devoluciones\/"]}]},{"@type":"BreadcrumbList","@id":"https:\/\/isabellaseijo.com\/index.php\/reembolso_devoluciones\/#breadcrumb","itemListElement":[{"@type":"ListItem","position":1,"name":"Portada","item":"https:\/\/isabellaseijo.com\/"},{"@type":"ListItem","position":2,"name":"Pol\u00edtica de devoluciones y reembolsos"}]},{"@type":"WebSite","@id":"https:\/\/isabellaseijo.com\/#website","url":"https:\/\/isabellaseijo.com\/","name":"","description":"","potentialAction":[{"@type":"SearchAction","target":{"@type":"EntryPoint","urlTemplate":"https:\/\/isabellaseijo.com\/?s={search_term_string}"},"query-input":{"@type":"PropertyValueSpecification","valueRequired":true,"valueName":"search_term_string"}}],"inLanguage":"es"}]}},"_links":{"self":[{"href":"https:\/\/isabellaseijo.com\/index.php\/wp-json\/wp\/v2\/pages\/4746","targetHints":{"allow":["GET"]}}],"collection":[{"href":"https:\/\/isabellaseijo.com\/index.php\/wp-json\/wp\/v2\/pages"}],"about":[{"href":"https:\/\/isabellaseijo.com\/index.php\/wp-json\/wp\/v2\/types\/page"}],"author":[{"embeddable":true,"href":"https:\/\/isabellaseijo.com\/index.php\/wp-json\/wp\/v2\/users\/1"}],"replies":[{"embeddable":true,"href":"https:\/\/isabellaseijo.com\/index.php\/wp-json\/wp\/v2\/comments?post=4746"}],"version-history":[{"count":5,"href":"https:\/\/isabellaseijo.com\/index.php\/wp-json\/wp\/v2\/pages\/4746\/revisions"}],"predecessor-version":[{"id":5517,"href":"https:\/\/isabellaseijo.com\/index.php\/wp-json\/wp\/v2\/pages\/4746\/revisions\/5517"}],"wp:attachment":[{"href":"https:\/\/isabellaseijo.com\/index.php\/wp-json\/wp\/v2\/media?parent=4746"}],"curies":[{"name":"wp","href":"https:\/\/api.w.org\/{rel}","templated":true}]}}