{"id":5525,"date":"2026-02-26T10:09:42","date_gmt":"2026-02-26T10:09:42","guid":{"rendered":"https:\/\/isabellaseijo.com\/?page_id=5525"},"modified":"2026-02-26T10:24:19","modified_gmt":"2026-02-26T10:24:19","slug":"politica-de-cookies","status":"publish","type":"page","link":"https:\/\/isabellaseijo.com\/index.php\/politica-de-cookies\/","title":{"rendered":"Pol\u00edtica de Cookies"},"content":{"rendered":"\t\t<div data-elementor-type=\"wp-page\" data-elementor-id=\"5525\" class=\"elementor elementor-5525\" data-elementor-post-type=\"page\">\n\t\t\t\t\t\t<section class=\"elementor-section elementor-top-section elementor-element elementor-element-4b57bb0 elementor-section-boxed elementor-section-height-default elementor-section-height-default\" data-id=\"4b57bb0\" data-element_type=\"section\" data-e-type=\"section\">\n\t\t\t\t\t\t<div class=\"elementor-container elementor-column-gap-default\">\n\t\t\t\t\t<div class=\"elementor-column elementor-col-100 elementor-top-column elementor-element elementor-element-d89fb3a\" data-id=\"d89fb3a\" data-element_type=\"column\" data-e-type=\"column\">\n\t\t\t<div class=\"elementor-widget-wrap elementor-element-populated\">\n\t\t\t\t\t\t<div class=\"elementor-element elementor-element-bfafd55 elementor-widget elementor-widget-text-editor\" data-id=\"bfafd55\" data-element_type=\"widget\" data-e-type=\"widget\" data-widget_type=\"text-editor.default\">\n\t\t\t\t<div class=\"elementor-widget-container\">\n\t\t\t\t\t\t\t\t\t<h1 data-start=\"214\" data-end=\"238\">\ud83c\udf6a POL\u00cdTICA DE COOKIES<\/h1><hr data-start=\"240\" data-end=\"243\" \/><h2 data-start=\"245\" data-end=\"267\">Pol\u00edtica de Cookies<\/h2><p data-start=\"269\" data-end=\"474\">En cumplimiento de lo dispuesto en el art\u00edculo 22.2 de la Ley 34\/2002 de Servicios de la Sociedad de la Informaci\u00f3n (LSSI-CE) y el Reglamento (UE) 2016\/679 (RGPD), esta web informa sobre el uso de cookies.<\/p><hr data-start=\"476\" data-end=\"479\" \/><h3 data-start=\"481\" data-end=\"509\">1. \u00bfQu\u00e9 son las cookies?<\/h3><p data-start=\"511\" data-end=\"763\">Las cookies son peque\u00f1os archivos de texto que se almacenan en el navegador del usuario cuando visita una p\u00e1gina web. Su finalidad es permitir el correcto funcionamiento del sitio, mejorar la experiencia de navegaci\u00f3n y obtener informaci\u00f3n estad\u00edstica.<\/p><hr data-start=\"765\" data-end=\"768\" \/><h3 data-start=\"770\" data-end=\"804\">2. Tipos de cookies utilizadas<\/h3><p data-start=\"806\" data-end=\"867\">Esta web puede utilizar las siguientes categor\u00edas de cookies:<\/p><hr data-start=\"869\" data-end=\"872\" \/><p data-start=\"874\" data-end=\"1003\"><strong data-start=\"874\" data-end=\"909\">\u2714 Cookies t\u00e9cnicas (necesarias)<\/strong><br data-start=\"909\" data-end=\"912\" \/>Permiten la navegaci\u00f3n y el funcionamiento b\u00e1sico de la web.<br data-start=\"972\" data-end=\"975\" \/>No requieren consentimiento.<\/p><p data-start=\"1005\" data-end=\"1014\">Ejemplos:<\/p><ul data-start=\"1016\" data-end=\"1070\"><li data-start=\"1016\" data-end=\"1035\"><p data-start=\"1018\" data-end=\"1035\">Gesti\u00f3n de sesi\u00f3n<\/p><\/li><li data-start=\"1036\" data-end=\"1047\"><p data-start=\"1038\" data-end=\"1047\">Seguridad<\/p><\/li><li data-start=\"1048\" data-end=\"1070\"><p data-start=\"1050\" data-end=\"1070\">Preferencias b\u00e1sicas<\/p><\/li><\/ul><hr data-start=\"1072\" data-end=\"1075\" \/><p data-start=\"1077\" data-end=\"1158\"><strong data-start=\"1077\" data-end=\"1109\">\u2714 Cookies de personalizaci\u00f3n<\/strong><br data-start=\"1109\" data-end=\"1112\" \/>Permiten recordar configuraciones del usuario.<\/p><p data-start=\"1160\" data-end=\"1169\">Ejemplos:<\/p><ul data-start=\"1171\" data-end=\"1207\"><li data-start=\"1171\" data-end=\"1179\"><p data-start=\"1173\" data-end=\"1179\">Idioma<\/p><\/li><li data-start=\"1180\" data-end=\"1188\"><p data-start=\"1182\" data-end=\"1188\">Regi\u00f3n<\/p><\/li><li data-start=\"1189\" data-end=\"1207\"><p data-start=\"1191\" data-end=\"1207\">Ajustes visuales<\/p><\/li><\/ul><hr data-start=\"1209\" data-end=\"1212\" \/><p data-start=\"1214\" data-end=\"1316\"><strong data-start=\"1214\" data-end=\"1238\">\u2714 Cookies anal\u00edticas<\/strong><br data-start=\"1238\" data-end=\"1241\" \/>Permiten cuantificar el n\u00famero de usuarios y analizar el uso del sitio web.<\/p><p data-start=\"1318\" data-end=\"1327\">Ejemplos:<\/p><ul data-start=\"1329\" data-end=\"1391\"><li data-start=\"1329\" data-end=\"1360\"><p data-start=\"1331\" data-end=\"1360\">Google Analytics (si lo usas)<\/p><\/li><li data-start=\"1361\" data-end=\"1391\"><p data-start=\"1363\" data-end=\"1391\">Herramientas de estad\u00edsticas<\/p><\/li><\/ul><p data-start=\"1393\" data-end=\"1436\">Estas cookies <strong data-start=\"1407\" data-end=\"1435\">requieren consentimiento<\/strong>.<\/p><hr data-start=\"1438\" data-end=\"1441\" \/><p data-start=\"1443\" data-end=\"1527\"><strong data-start=\"1443\" data-end=\"1482\">\u2714 Cookies publicitarias (si aplica)<\/strong><br data-start=\"1482\" data-end=\"1485\" \/>Permiten mostrar publicidad personalizada.<\/p><p data-start=\"1529\" data-end=\"1538\">Ejemplos:<\/p><ul data-start=\"1540\" data-end=\"1576\"><li data-start=\"1540\" data-end=\"1563\"><p data-start=\"1542\" data-end=\"1563\">Meta \/ Facebook Pixel<\/p><\/li><li data-start=\"1564\" data-end=\"1576\"><p data-start=\"1566\" data-end=\"1576\">Google Ads<\/p><\/li><\/ul><p data-start=\"1578\" data-end=\"1603\">Requieren consentimiento.<\/p><hr data-start=\"1605\" data-end=\"1608\" \/><h3 data-start=\"1610\" data-end=\"1650\">3. Base legal para el uso de cookies<\/h3><p data-start=\"1652\" data-end=\"1728\">El uso de cookies anal\u00edticas, publicitarias o de personalizaci\u00f3n se basa en:<\/p><p data-start=\"1730\" data-end=\"1758\">\u2714 Consentimiento del usuario<\/p><p data-start=\"1760\" data-end=\"1832\">Las cookies t\u00e9cnicas se instalan por inter\u00e9s leg\u00edtimo al ser necesarias.<\/p><hr data-start=\"1834\" data-end=\"1837\" \/><h3 data-start=\"1839\" data-end=\"1880\">4. Gesti\u00f3n y configuraci\u00f3n de cookies<\/h3><p data-start=\"1882\" data-end=\"1951\">El usuario puede aceptar, rechazar o configurar las cookies mediante:<\/p><p data-start=\"1953\" data-end=\"2010\">\u2714 El banner de cookies<br data-start=\"1975\" data-end=\"1978\" \/>\u2714 La configuraci\u00f3n del navegador<\/p><p data-start=\"2012\" data-end=\"2063\">El usuario puede eliminar o bloquear cookies desde:<\/p><ul data-start=\"2065\" data-end=\"2107\"><li data-start=\"2065\" data-end=\"2075\"><p data-start=\"2067\" data-end=\"2075\">Chrome<\/p><\/li><li data-start=\"2076\" data-end=\"2087\"><p data-start=\"2078\" data-end=\"2087\">Firefox<\/p><\/li><li data-start=\"2088\" data-end=\"2098\"><p data-start=\"2090\" data-end=\"2098\">Safari<\/p><\/li><li data-start=\"2099\" data-end=\"2107\"><p data-start=\"2101\" data-end=\"2107\">Edge<\/p><\/li><\/ul><hr data-start=\"2109\" data-end=\"2112\" \/><h3 data-start=\"2114\" data-end=\"2140\">5. Cookies de terceros<\/h3><p data-start=\"2142\" data-end=\"2237\">Esta web puede utilizar servicios de terceros que instalan cookies en el navegador del usuario.<\/p><p data-start=\"2239\" data-end=\"2259\">Ejemplos habituales:<\/p><ul data-start=\"2261\" data-end=\"2322\"><li data-start=\"2261\" data-end=\"2281\"><p data-start=\"2263\" data-end=\"2281\">Google Analytics<\/p><\/li><li data-start=\"2282\" data-end=\"2300\"><p data-start=\"2284\" data-end=\"2300\">Redes sociales<\/p><\/li><li data-start=\"2301\" data-end=\"2322\"><p data-start=\"2303\" data-end=\"2322\">Pasarelas de pago<\/p><\/li><\/ul><p data-start=\"2324\" data-end=\"2388\">Cada tercero es responsable de su propia pol\u00edtica de privacidad.<\/p><hr data-start=\"2390\" data-end=\"2393\" \/><h3 data-start=\"2395\" data-end=\"2425\">6. Conservaci\u00f3n de cookies<\/h3><p data-start=\"2427\" data-end=\"2555\">Las cookies se conservar\u00e1n durante el tiempo necesario para cumplir su finalidad o hasta que el usuario las elimine manualmente.<\/p><hr data-start=\"2557\" data-end=\"2560\" \/><h3 data-start=\"2562\" data-end=\"2599\">7. Actualizaciones de la pol\u00edtica<\/h3><p data-start=\"2601\" data-end=\"2689\">Esta Pol\u00edtica de Cookies puede actualizarse en funci\u00f3n de cambios normativos o t\u00e9cnicos.<\/p>\t\t\t\t\t\t\t\t<\/div>\n\t\t\t\t<\/div>\n\t\t\t\t\t<\/div>\n\t\t<\/div>\n\t\t\t\t\t<\/div>\n\t\t<\/section>\n\t\t\t\t<\/div>\n\t\t","protected":false},"excerpt":{"rendered":"<p>\ud83c\udf6a POL\u00cdTICA DE COOKIES Pol\u00edtica de Cookies En cumplimiento de lo dispuesto en el art\u00edculo 22.2 de la Ley 34\/2002 de Servicios de la Sociedad de la Informaci\u00f3n (LSSI-CE) y el Reglamento (UE) 2016\/679 (RGPD), esta web informa sobre el uso de cookies. 1. \u00bfQu\u00e9 son las cookies? Las cookies son peque\u00f1os archivos de texto [&hellip;]<\/p>\n","protected":false},"author":1,"featured_media":0,"parent":0,"menu_order":90,"comment_status":"closed","ping_status":"closed","template":"","meta":{"_monsterinsights_skip_tracking":false,"_monsterinsights_sitenote_active":false,"_monsterinsights_sitenote_note":"","_monsterinsights_sitenote_category":0,"site-sidebar-layout":"no-sidebar","site-content-layout":"page-builder","ast-site-content-layout":"full-width-container","site-content-style":"default","site-sidebar-style":"default","ast-global-header-display":"","ast-banner-title-visibility":"","ast-main-header-display":"","ast-hfb-above-header-display":"","ast-hfb-below-header-display":"","ast-hfb-mobile-header-display":"","site-post-title":"disabled","ast-breadcrumbs-content":"","ast-featured-img":"disabled","footer-sml-layout":"","ast-disable-related-posts":"","theme-transparent-header-meta":"","adv-header-id-meta":"","stick-header-meta":"","header-above-stick-meta":"","header-main-stick-meta":"","header-below-stick-meta":"","astra-migrate-meta-layouts":"set","ast-page-background-enabled":"default","ast-page-background-meta":{"desktop":{"background-color":"var(--ast-global-color-4)","background-image":"","background-repeat":"repeat","background-position":"center center","background-size":"auto","background-attachment":"scroll","background-type":"","background-media":"","overlay-type":"","overlay-color":"","overlay-opacity":"","overlay-gradient":""},"tablet":{"background-color":"","background-image":"","background-repeat":"repeat","background-position":"center center","background-size":"auto","background-attachment":"scroll","background-type":"","background-media":"","overlay-type":"","overlay-color":"","overlay-opacity":"","overlay-gradient":""},"mobile":{"background-color":"","background-image":"","background-repeat":"repeat","background-position":"center center","background-size":"auto","background-attachment":"scroll","background-type":"","background-media":"","overlay-type":"","overlay-color":"","overlay-opacity":"","overlay-gradient":""}},"ast-content-background-meta":{"desktop":{"background-color":"var(--ast-global-color-5)","background-image":"","background-repeat":"repeat","background-position":"center center","background-size":"auto","background-attachment":"scroll","background-type":"","background-media":"","overlay-type":"","overlay-color":"","overlay-opacity":"","overlay-gradient":""},"tablet":{"background-color":"var(--ast-global-color-5)","background-image":"","background-repeat":"repeat","background-position":"center center","background-size":"auto","background-attachment":"scroll","background-type":"","background-media":"","overlay-type":"","overlay-color":"","overlay-opacity":"","overlay-gradient":""},"mobile":{"background-color":"var(--ast-global-color-5)","background-image":"","background-repeat":"repeat","background-position":"center center","background-size":"auto","background-attachment":"scroll","background-type":"","background-media":"","overlay-type":"","overlay-color":"","overlay-opacity":"","overlay-gradient":""}},"footnotes":""},"class_list":["post-5525","page","type-page","status-publish","hentry"],"yoast_head":"<!-- This site is optimized with the Yoast SEO plugin v27.0 - https:\/\/yoast.com\/product\/yoast-seo-wordpress\/ -->\n<title>Pol\u00edtica de Cookies -<\/title>\n<meta name=\"robots\" content=\"index, follow, max-snippet:-1, max-image-preview:large, max-video-preview:-1\" \/>\n<link rel=\"canonical\" href=\"https:\/\/isabellaseijo.com\/index.php\/politica-de-cookies\/\" \/>\n<meta property=\"og:locale\" content=\"es_ES\" \/>\n<meta property=\"og:type\" content=\"article\" \/>\n<meta property=\"og:title\" content=\"Pol\u00edtica de Cookies -\" \/>\n<meta property=\"og:description\" content=\"\ud83c\udf6a POL\u00cdTICA DE COOKIES Pol\u00edtica de Cookies En cumplimiento de lo dispuesto en el art\u00edculo 22.2 de la Ley 34\/2002 de Servicios de la Sociedad de la Informaci\u00f3n (LSSI-CE) y el Reglamento (UE) 2016\/679 (RGPD), esta web informa sobre el uso de cookies. 1. \u00bfQu\u00e9 son las cookies? Las cookies son peque\u00f1os archivos de texto [&hellip;]\" \/>\n<meta property=\"og:url\" content=\"https:\/\/isabellaseijo.com\/index.php\/politica-de-cookies\/\" \/>\n<meta property=\"article:modified_time\" content=\"2026-02-26T10:24:19+00:00\" \/>\n<meta name=\"twitter:card\" content=\"summary_large_image\" \/>\n<meta name=\"twitter:label1\" content=\"Tiempo de lectura\" \/>\n\t<meta name=\"twitter:data1\" content=\"2 minutos\" \/>\n<script type=\"application\/ld+json\" class=\"yoast-schema-graph\">{\"@context\":\"https:\/\/schema.org\",\"@graph\":[{\"@type\":\"WebPage\",\"@id\":\"https:\/\/isabellaseijo.com\/index.php\/politica-de-cookies\/\",\"url\":\"https:\/\/isabellaseijo.com\/index.php\/politica-de-cookies\/\",\"name\":\"Pol\u00edtica de Cookies -\",\"isPartOf\":{\"@id\":\"https:\/\/isabellaseijo.com\/#website\"},\"datePublished\":\"2026-02-26T10:09:42+00:00\",\"dateModified\":\"2026-02-26T10:24:19+00:00\",\"breadcrumb\":{\"@id\":\"https:\/\/isabellaseijo.com\/index.php\/politica-de-cookies\/#breadcrumb\"},\"inLanguage\":\"es\",\"potentialAction\":[{\"@type\":\"ReadAction\",\"target\":[\"https:\/\/isabellaseijo.com\/index.php\/politica-de-cookies\/\"]}]},{\"@type\":\"BreadcrumbList\",\"@id\":\"https:\/\/isabellaseijo.com\/index.php\/politica-de-cookies\/#breadcrumb\",\"itemListElement\":[{\"@type\":\"ListItem\",\"position\":1,\"name\":\"Portada\",\"item\":\"https:\/\/isabellaseijo.com\/\"},{\"@type\":\"ListItem\",\"position\":2,\"name\":\"Pol\u00edtica de Cookies\"}]},{\"@type\":\"WebSite\",\"@id\":\"https:\/\/isabellaseijo.com\/#website\",\"url\":\"https:\/\/isabellaseijo.com\/\",\"name\":\"\",\"description\":\"\",\"potentialAction\":[{\"@type\":\"SearchAction\",\"target\":{\"@type\":\"EntryPoint\",\"urlTemplate\":\"https:\/\/isabellaseijo.com\/?s={search_term_string}\"},\"query-input\":{\"@type\":\"PropertyValueSpecification\",\"valueRequired\":true,\"valueName\":\"search_term_string\"}}],\"inLanguage\":\"es\"}]}<\/script>\n<!-- \/ Yoast SEO plugin. -->","yoast_head_json":{"title":"Pol\u00edtica de Cookies -","robots":{"index":"index","follow":"follow","max-snippet":"max-snippet:-1","max-image-preview":"max-image-preview:large","max-video-preview":"max-video-preview:-1"},"canonical":"https:\/\/isabellaseijo.com\/index.php\/politica-de-cookies\/","og_locale":"es_ES","og_type":"article","og_title":"Pol\u00edtica de Cookies -","og_description":"\ud83c\udf6a POL\u00cdTICA DE COOKIES Pol\u00edtica de Cookies En cumplimiento de lo dispuesto en el art\u00edculo 22.2 de la Ley 34\/2002 de Servicios de la Sociedad de la Informaci\u00f3n (LSSI-CE) y el Reglamento (UE) 2016\/679 (RGPD), esta web informa sobre el uso de cookies. 1. \u00bfQu\u00e9 son las cookies? Las cookies son peque\u00f1os archivos de texto [&hellip;]","og_url":"https:\/\/isabellaseijo.com\/index.php\/politica-de-cookies\/","article_modified_time":"2026-02-26T10:24:19+00:00","twitter_card":"summary_large_image","twitter_misc":{"Tiempo de lectura":"2 minutos"},"schema":{"@context":"https:\/\/schema.org","@graph":[{"@type":"WebPage","@id":"https:\/\/isabellaseijo.com\/index.php\/politica-de-cookies\/","url":"https:\/\/isabellaseijo.com\/index.php\/politica-de-cookies\/","name":"Pol\u00edtica de Cookies -","isPartOf":{"@id":"https:\/\/isabellaseijo.com\/#website"},"datePublished":"2026-02-26T10:09:42+00:00","dateModified":"2026-02-26T10:24:19+00:00","breadcrumb":{"@id":"https:\/\/isabellaseijo.com\/index.php\/politica-de-cookies\/#breadcrumb"},"inLanguage":"es","potentialAction":[{"@type":"ReadAction","target":["https:\/\/isabellaseijo.com\/index.php\/politica-de-cookies\/"]}]},{"@type":"BreadcrumbList","@id":"https:\/\/isabellaseijo.com\/index.php\/politica-de-cookies\/#breadcrumb","itemListElement":[{"@type":"ListItem","position":1,"name":"Portada","item":"https:\/\/isabellaseijo.com\/"},{"@type":"ListItem","position":2,"name":"Pol\u00edtica de Cookies"}]},{"@type":"WebSite","@id":"https:\/\/isabellaseijo.com\/#website","url":"https:\/\/isabellaseijo.com\/","name":"","description":"","potentialAction":[{"@type":"SearchAction","target":{"@type":"EntryPoint","urlTemplate":"https:\/\/isabellaseijo.com\/?s={search_term_string}"},"query-input":{"@type":"PropertyValueSpecification","valueRequired":true,"valueName":"search_term_string"}}],"inLanguage":"es"}]}},"_links":{"self":[{"href":"https:\/\/isabellaseijo.com\/index.php\/wp-json\/wp\/v2\/pages\/5525","targetHints":{"allow":["GET"]}}],"collection":[{"href":"https:\/\/isabellaseijo.com\/index.php\/wp-json\/wp\/v2\/pages"}],"about":[{"href":"https:\/\/isabellaseijo.com\/index.php\/wp-json\/wp\/v2\/types\/page"}],"author":[{"embeddable":true,"href":"https:\/\/isabellaseijo.com\/index.php\/wp-json\/wp\/v2\/users\/1"}],"replies":[{"embeddable":true,"href":"https:\/\/isabellaseijo.com\/index.php\/wp-json\/wp\/v2\/comments?post=5525"}],"version-history":[{"count":4,"href":"https:\/\/isabellaseijo.com\/index.php\/wp-json\/wp\/v2\/pages\/5525\/revisions"}],"predecessor-version":[{"id":5529,"href":"https:\/\/isabellaseijo.com\/index.php\/wp-json\/wp\/v2\/pages\/5525\/revisions\/5529"}],"wp:attachment":[{"href":"https:\/\/isabellaseijo.com\/index.php\/wp-json\/wp\/v2\/media?parent=5525"}],"curies":[{"name":"wp","href":"https:\/\/api.w.org\/{rel}","templated":true}]}}