{"id":5576,"date":"2026-03-20T00:07:19","date_gmt":"2026-03-20T00:07:19","guid":{"rendered":"https:\/\/isabellaseijo.com\/?post_type=product&#038;p=5576"},"modified":"2026-03-20T00:31:50","modified_gmt":"2026-03-20T00:31:50","slug":"sortija-oro-blanco-y-diamantes-copia-2","status":"publish","type":"product","link":"https:\/\/isabellaseijo.com\/index.php\/producto\/sortija-oro-blanco-y-diamantes-copia-2\/","title":{"rendered":"Sortija oro blanco y diamantes"},"content":{"rendered":"<div dir=\"auto\" data-olk-copy-source=\"MessageBody\">\n<p data-start=\"0\" data-end=\"435\">Anillo tipo <strong data-start=\"12\" data-end=\"61\">alianza completa (eternity) con pav\u00e9 m\u00faltiple<\/strong>, fabricado en oro blanco (18K oro de Ley), de dise\u00f1o ancho y completamente cubierto de diamantes en varias hileras, creando un efecto continuo de brillo en toda la superficie. La estructura del anillo presenta un cuerpo m\u00e1s robusto que los solitarios tradicionales, con un sistema interior ligeramente flexible o segmentado que facilita su ajuste y comodidad en el dedo.<\/p>\n<p data-start=\"437\" data-end=\"1008\">La pieza est\u00e1 engastada con una gran cantidad de diamantes redondos de talla brillante, distribuidos en varias filas, con un n\u00famero total estimado de entre 100 diamantes. Cada diamante suele tener un peso aproximado de entre 0.01 y 0.02 quilates, lo que da un peso total en diamantes de aproximadamente 2.0 quilates, dependiendo del tama\u00f1o exacto del anillo y del n\u00famero de filas. La calidad en este tipo de piezas se sit\u00faa en color G\u2013F y pureza VS\u2013SI, lo que garantiza un buen equilibrio entre brillo y valor.<\/p>\n<\/div>\n<div dir=\"auto\" data-olk-copy-source=\"MessageBody\">\n<div dir=\"auto\"><\/div>\n<\/div>\n","protected":false},"excerpt":{"rendered":"<p>Anillo tipo alianza completa (eternity) con pav\u00e9 m\u00faltiple, fabricado en oro blanco (18K oro de Ley), de dise\u00f1o ancho y completamente cubierto de diamantes en varias hileras, creando un efecto continuo de brillo en toda la superficie. La estructura del anillo presenta un cuerpo m\u00e1s robusto que los solitarios tradicionales, con un sistema interior ligeramente [&hellip;]<\/p>\n","protected":false},"featured_media":5579,"comment_status":"open","ping_status":"closed","template":"","meta":{"_monsterinsights_skip_tracking":false,"_monsterinsights_sitenote_active":false,"_monsterinsights_sitenote_note":"","_monsterinsights_sitenote_category":0,"site-sidebar-layout":"default","site-content-layout":"","ast-site-content-layout":"default","site-content-style":"default","site-sidebar-style":"default","ast-global-header-display":"","ast-banner-title-visibility":"","ast-main-header-display":"","ast-hfb-above-header-display":"","ast-hfb-below-header-display":"","ast-hfb-mobile-header-display":"","site-post-title":"","ast-breadcrumbs-content":"","ast-featured-img":"","footer-sml-layout":"","ast-disable-related-posts":"","theme-transparent-header-meta":"default","adv-header-id-meta":"","stick-header-meta":"","header-above-stick-meta":"","header-main-stick-meta":"","header-below-stick-meta":"","astra-migrate-meta-layouts":"set","ast-page-background-enabled":"default","ast-page-background-meta":{"desktop":{"background-color":"var(--ast-global-color-4)","background-image":"","background-repeat":"repeat","background-position":"center center","background-size":"auto","background-attachment":"scroll","background-type":"","background-media":"","overlay-type":"","overlay-color":"","overlay-opacity":"","overlay-gradient":""},"tablet":{"background-color":"","background-image":"","background-repeat":"repeat","background-position":"center center","background-size":"auto","background-attachment":"scroll","background-type":"","background-media":"","overlay-type":"","overlay-color":"","overlay-opacity":"","overlay-gradient":""},"mobile":{"background-color":"","background-image":"","background-repeat":"repeat","background-position":"center center","background-size":"auto","background-attachment":"scroll","background-type":"","background-media":"","overlay-type":"","overlay-color":"","overlay-opacity":"","overlay-gradient":""}},"ast-content-background-meta":{"desktop":{"background-color":"var(--ast-global-color-5)","background-image":"","background-repeat":"repeat","background-position":"center center","background-size":"auto","background-attachment":"scroll","background-type":"","background-media":"","overlay-type":"","overlay-color":"","overlay-opacity":"","overlay-gradient":""},"tablet":{"background-color":"var(--ast-global-color-5)","background-image":"","background-repeat":"repeat","background-position":"center center","background-size":"auto","background-attachment":"scroll","background-type":"","background-media":"","overlay-type":"","overlay-color":"","overlay-opacity":"","overlay-gradient":""},"mobile":{"background-color":"var(--ast-global-color-5)","background-image":"","background-repeat":"repeat","background-position":"center center","background-size":"auto","background-attachment":"scroll","background-type":"","background-media":"","overlay-type":"","overlay-color":"","overlay-opacity":"","overlay-gradient":""}}},"product_brand":[],"product_cat":[29],"product_tag":[],"class_list":{"0":"post-5576","1":"product","2":"type-product","3":"status-publish","4":"has-post-thumbnail","6":"product_cat-anillos","7":"desktop-align-left","8":"tablet-align-left","9":"mobile-align-left","11":"first","12":"instock","13":"shipping-taxable","14":"purchasable","15":"product-type-simple"},"yoast_head":"<!-- This site is optimized with the Yoast SEO plugin v27.0 - https:\/\/yoast.com\/product\/yoast-seo-wordpress\/ -->\n<title>Sortija oro blanco y diamantes -<\/title>\n<meta name=\"description\" content=\"Sortija oro blanco y diamantes Shop Isabella Seijo. Sortija de pedida de se\u00f1ora de oro blanco, oro de Ley, 750 mm (18 kt), con peso total de 3.00 gramos.\" \/>\n<meta name=\"robots\" content=\"index, follow, max-snippet:-1, max-image-preview:large, max-video-preview:-1\" \/>\n<link rel=\"canonical\" href=\"https:\/\/isabellaseijo.com\/index.php\/producto\/sortija-oro-blanco-y-diamantes-copia-2\/\" \/>\n<meta property=\"og:locale\" content=\"es_ES\" \/>\n<meta property=\"og:type\" content=\"article\" \/>\n<meta property=\"og:title\" content=\"Sortija oro blanco y diamantes -\" \/>\n<meta property=\"og:description\" content=\"Sortija oro blanco y diamantes Shop Isabella Seijo. Sortija de pedida de se\u00f1ora de oro blanco, oro de Ley, 750 mm (18 kt), con peso total de 3.00 gramos.\" \/>\n<meta property=\"og:url\" content=\"https:\/\/isabellaseijo.com\/index.php\/producto\/sortija-oro-blanco-y-diamantes-copia-2\/\" \/>\n<meta property=\"article:modified_time\" content=\"2026-03-20T00:31:50+00:00\" \/>\n<meta property=\"og:image\" content=\"https:\/\/isabellaseijo.com\/wp-content\/uploads\/2026\/03\/IMG_4678-1.png\" \/>\n\t<meta property=\"og:image:width\" content=\"507\" \/>\n\t<meta property=\"og:image:height\" content=\"600\" \/>\n\t<meta property=\"og:image:type\" content=\"image\/png\" \/>\n<meta name=\"twitter:card\" content=\"summary_large_image\" \/>\n<meta name=\"twitter:label1\" content=\"Tiempo de lectura\" \/>\n\t<meta name=\"twitter:data1\" content=\"1 minuto\" \/>\n<script type=\"application\/ld+json\" class=\"yoast-schema-graph\">{\"@context\":\"https:\/\/schema.org\",\"@graph\":[{\"@type\":\"WebPage\",\"@id\":\"https:\/\/isabellaseijo.com\/index.php\/producto\/sortija-oro-blanco-y-diamantes-copia-2\/\",\"url\":\"https:\/\/isabellaseijo.com\/index.php\/producto\/sortija-oro-blanco-y-diamantes-copia-2\/\",\"name\":\"Sortija oro blanco y diamantes -\",\"isPartOf\":{\"@id\":\"https:\/\/isabellaseijo.com\/#website\"},\"primaryImageOfPage\":{\"@id\":\"https:\/\/isabellaseijo.com\/index.php\/producto\/sortija-oro-blanco-y-diamantes-copia-2\/#primaryimage\"},\"image\":{\"@id\":\"https:\/\/isabellaseijo.com\/index.php\/producto\/sortija-oro-blanco-y-diamantes-copia-2\/#primaryimage\"},\"thumbnailUrl\":\"https:\/\/isabellaseijo.com\/wp-content\/uploads\/2026\/03\/IMG_4678-1.png\",\"datePublished\":\"2026-03-20T00:07:19+00:00\",\"dateModified\":\"2026-03-20T00:31:50+00:00\",\"description\":\"Sortija oro blanco y diamantes Shop Isabella Seijo. Sortija de pedida de se\u00f1ora de oro blanco, oro de Ley, 750 mm (18 kt), con peso total de 3.00 gramos.\",\"breadcrumb\":{\"@id\":\"https:\/\/isabellaseijo.com\/index.php\/producto\/sortija-oro-blanco-y-diamantes-copia-2\/#breadcrumb\"},\"inLanguage\":\"es\",\"potentialAction\":[{\"@type\":\"ReadAction\",\"target\":[\"https:\/\/isabellaseijo.com\/index.php\/producto\/sortija-oro-blanco-y-diamantes-copia-2\/\"]}]},{\"@type\":\"ImageObject\",\"inLanguage\":\"es\",\"@id\":\"https:\/\/isabellaseijo.com\/index.php\/producto\/sortija-oro-blanco-y-diamantes-copia-2\/#primaryimage\",\"url\":\"https:\/\/isabellaseijo.com\/wp-content\/uploads\/2026\/03\/IMG_4678-1.png\",\"contentUrl\":\"https:\/\/isabellaseijo.com\/wp-content\/uploads\/2026\/03\/IMG_4678-1.png\",\"width\":507,\"height\":600},{\"@type\":\"BreadcrumbList\",\"@id\":\"https:\/\/isabellaseijo.com\/index.php\/producto\/sortija-oro-blanco-y-diamantes-copia-2\/#breadcrumb\",\"itemListElement\":[{\"@type\":\"ListItem\",\"position\":1,\"name\":\"Portada\",\"item\":\"https:\/\/isabellaseijo.com\/\"},{\"@type\":\"ListItem\",\"position\":2,\"name\":\"Web SHOP Isabella Seijo\",\"item\":\"https:\/\/isabellaseijo.com\/index.php\/tienda\/\"},{\"@type\":\"ListItem\",\"position\":3,\"name\":\"Sortija oro blanco y diamantes\"}]},{\"@type\":\"WebSite\",\"@id\":\"https:\/\/isabellaseijo.com\/#website\",\"url\":\"https:\/\/isabellaseijo.com\/\",\"name\":\"\",\"description\":\"\",\"potentialAction\":[{\"@type\":\"SearchAction\",\"target\":{\"@type\":\"EntryPoint\",\"urlTemplate\":\"https:\/\/isabellaseijo.com\/?s={search_term_string}\"},\"query-input\":{\"@type\":\"PropertyValueSpecification\",\"valueRequired\":true,\"valueName\":\"search_term_string\"}}],\"inLanguage\":\"es\"}]}<\/script>\n<!-- \/ Yoast SEO plugin. -->","yoast_head_json":{"title":"Sortija oro blanco y diamantes -","description":"Sortija oro blanco y diamantes Shop Isabella Seijo. Sortija de pedida de se\u00f1ora de oro blanco, oro de Ley, 750 mm (18 kt), con peso total de 3.00 gramos.","robots":{"index":"index","follow":"follow","max-snippet":"max-snippet:-1","max-image-preview":"max-image-preview:large","max-video-preview":"max-video-preview:-1"},"canonical":"https:\/\/isabellaseijo.com\/index.php\/producto\/sortija-oro-blanco-y-diamantes-copia-2\/","og_locale":"es_ES","og_type":"article","og_title":"Sortija oro blanco y diamantes -","og_description":"Sortija oro blanco y diamantes Shop Isabella Seijo. Sortija de pedida de se\u00f1ora de oro blanco, oro de Ley, 750 mm (18 kt), con peso total de 3.00 gramos.","og_url":"https:\/\/isabellaseijo.com\/index.php\/producto\/sortija-oro-blanco-y-diamantes-copia-2\/","article_modified_time":"2026-03-20T00:31:50+00:00","og_image":[{"width":507,"height":600,"url":"https:\/\/isabellaseijo.com\/wp-content\/uploads\/2026\/03\/IMG_4678-1.png","type":"image\/png"}],"twitter_card":"summary_large_image","twitter_misc":{"Tiempo de lectura":"1 minuto"},"schema":{"@context":"https:\/\/schema.org","@graph":[{"@type":"WebPage","@id":"https:\/\/isabellaseijo.com\/index.php\/producto\/sortija-oro-blanco-y-diamantes-copia-2\/","url":"https:\/\/isabellaseijo.com\/index.php\/producto\/sortija-oro-blanco-y-diamantes-copia-2\/","name":"Sortija oro blanco y diamantes -","isPartOf":{"@id":"https:\/\/isabellaseijo.com\/#website"},"primaryImageOfPage":{"@id":"https:\/\/isabellaseijo.com\/index.php\/producto\/sortija-oro-blanco-y-diamantes-copia-2\/#primaryimage"},"image":{"@id":"https:\/\/isabellaseijo.com\/index.php\/producto\/sortija-oro-blanco-y-diamantes-copia-2\/#primaryimage"},"thumbnailUrl":"https:\/\/isabellaseijo.com\/wp-content\/uploads\/2026\/03\/IMG_4678-1.png","datePublished":"2026-03-20T00:07:19+00:00","dateModified":"2026-03-20T00:31:50+00:00","description":"Sortija oro blanco y diamantes Shop Isabella Seijo. Sortija de pedida de se\u00f1ora de oro blanco, oro de Ley, 750 mm (18 kt), con peso total de 3.00 gramos.","breadcrumb":{"@id":"https:\/\/isabellaseijo.com\/index.php\/producto\/sortija-oro-blanco-y-diamantes-copia-2\/#breadcrumb"},"inLanguage":"es","potentialAction":[{"@type":"ReadAction","target":["https:\/\/isabellaseijo.com\/index.php\/producto\/sortija-oro-blanco-y-diamantes-copia-2\/"]}]},{"@type":"ImageObject","inLanguage":"es","@id":"https:\/\/isabellaseijo.com\/index.php\/producto\/sortija-oro-blanco-y-diamantes-copia-2\/#primaryimage","url":"https:\/\/isabellaseijo.com\/wp-content\/uploads\/2026\/03\/IMG_4678-1.png","contentUrl":"https:\/\/isabellaseijo.com\/wp-content\/uploads\/2026\/03\/IMG_4678-1.png","width":507,"height":600},{"@type":"BreadcrumbList","@id":"https:\/\/isabellaseijo.com\/index.php\/producto\/sortija-oro-blanco-y-diamantes-copia-2\/#breadcrumb","itemListElement":[{"@type":"ListItem","position":1,"name":"Portada","item":"https:\/\/isabellaseijo.com\/"},{"@type":"ListItem","position":2,"name":"Web SHOP Isabella Seijo","item":"https:\/\/isabellaseijo.com\/index.php\/tienda\/"},{"@type":"ListItem","position":3,"name":"Sortija oro blanco y diamantes"}]},{"@type":"WebSite","@id":"https:\/\/isabellaseijo.com\/#website","url":"https:\/\/isabellaseijo.com\/","name":"","description":"","potentialAction":[{"@type":"SearchAction","target":{"@type":"EntryPoint","urlTemplate":"https:\/\/isabellaseijo.com\/?s={search_term_string}"},"query-input":{"@type":"PropertyValueSpecification","valueRequired":true,"valueName":"search_term_string"}}],"inLanguage":"es"}]}},"_links":{"self":[{"href":"https:\/\/isabellaseijo.com\/index.php\/wp-json\/wp\/v2\/product\/5576","targetHints":{"allow":["GET"]}}],"collection":[{"href":"https:\/\/isabellaseijo.com\/index.php\/wp-json\/wp\/v2\/product"}],"about":[{"href":"https:\/\/isabellaseijo.com\/index.php\/wp-json\/wp\/v2\/types\/product"}],"replies":[{"embeddable":true,"href":"https:\/\/isabellaseijo.com\/index.php\/wp-json\/wp\/v2\/comments?post=5576"}],"wp:featuredmedia":[{"embeddable":true,"href":"https:\/\/isabellaseijo.com\/index.php\/wp-json\/wp\/v2\/media\/5579"}],"wp:attachment":[{"href":"https:\/\/isabellaseijo.com\/index.php\/wp-json\/wp\/v2\/media?parent=5576"}],"wp:term":[{"taxonomy":"product_brand","embeddable":true,"href":"https:\/\/isabellaseijo.com\/index.php\/wp-json\/wp\/v2\/product_brand?post=5576"},{"taxonomy":"product_cat","embeddable":true,"href":"https:\/\/isabellaseijo.com\/index.php\/wp-json\/wp\/v2\/product_cat?post=5576"},{"taxonomy":"product_tag","embeddable":true,"href":"https:\/\/isabellaseijo.com\/index.php\/wp-json\/wp\/v2\/product_tag?post=5576"}],"curies":[{"name":"wp","href":"https:\/\/api.w.org\/{rel}","templated":true}]}}